{"id":92,"date":"2016-10-31T21:17:17","date_gmt":"2016-10-31T20:17:17","guid":{"rendered":"http:\/\/thierry-barrot.com\/?page_id=92"},"modified":"2021-04-12T20:27:20","modified_gmt":"2021-04-12T18:27:20","slug":"artisan-peintre-bordeaux-116","status":"publish","type":"page","link":"https:\/\/thierry-barrot.com\/?page_id=92","title":{"rendered":"Artisan peintre Bordeaux"},"content":{"rendered":"\t\t<div data-elementor-type=\"wp-page\" data-elementor-id=\"92\" class=\"elementor elementor-92\">\n\t\t\t\t\t\t<section class=\"elementor-section elementor-top-section elementor-element elementor-element-573037c3 elementor-section-stretched elementor-section-boxed elementor-section-height-default elementor-section-height-default\" data-id=\"573037c3\" data-element_type=\"section\" data-settings=\"{&quot;stretch_section&quot;:&quot;section-stretched&quot;}\">\n\t\t\t\t\t\t<div class=\"elementor-container elementor-column-gap-default\">\n\t\t\t\t\t<div class=\"elementor-column elementor-col-100 elementor-top-column elementor-element elementor-element-34be744d\" data-id=\"34be744d\" data-element_type=\"column\">\n\t\t\t<div class=\"elementor-widget-wrap elementor-element-populated\">\n\t\t\t\t\t\t<div class=\"elementor-element elementor-element-5dbac17b elementor-widget elementor-widget-text-editor\" data-id=\"5dbac17b\" data-element_type=\"widget\" data-widget_type=\"text-editor.default\">\n\t\t\t\t<div class=\"elementor-widget-container\">\n\t\t\t\t\t\t\t\t\t<h3><span style=\"font-family: 'Roboto Slab', sans-serif; font-size: 22px; letter-spacing: 0px;\">DEVIS GRATUIT<\/span><\/h3><div id=\"section-home\"><div id=\"section-home-inner\"><article class=\"section1 one_third\"><div class=\"services-builder style1\"><div class=\"iconmain\"><p><strong>D\u00e9placement et <a href=\"https:\/\/thierry-barrot.com\/contact-devis-gratuit\/\">devis <\/a>\u00e9tabli gratuitement.<\/strong><\/p><\/div><\/div><\/article><article class=\"section2 one_third\"><div class=\"services-builder style1\"><div class=\"iconmain\"><h3>Conseil et qualit\u00e9<\/h3><p>Conseil et qualit\u00e9 des mat\u00e9riaux utilis\u00e9s et respect de votre habitation<\/p><\/div><\/div><\/article><article class=\"section3 one_third last\"><div class=\"services-builder style1\"><div class=\"iconmain\"><h3>Notre engagement<\/h3><p>Respect des d\u00e9lais, des prix et suivis du chantier !<\/p><\/div><\/div><\/article><\/div><\/div><div class=\"clearboth\">\u00a0Vous souhaitez r\u00e9aliser des travaux de r\u00e9novation de votre appartement ou maison, partiellement ou en totalit\u00e9.<\/div><p>Pose de parquet, de rev\u00eatement de sol et de carrelage \u00e0 Bordeaux ou sa r\u00e9gion, contactez moi pour un devis gratuit.<\/p><blockquote><p>J&rsquo;assure tous type de travaux :<\/p><ul class=\"activite\"><li><a href=\"https:\/\/thierry-barrot.com\/artisan-peintre-bordeaux-peinture-interieure\/\">peinture de d\u00e9coration<\/a><\/li><li><a href=\"https:\/\/thierry-barrot.com\/artisan-peintre-bordeaux-papier-peint\/\">pose de papier-peint<\/a><\/li><li><a href=\"https:\/\/thierry-barrot.com\/artisan-peintre-bordeaux-peinture-et-renovation-exterieure\/\">peinture int\u00e9rieure et ext\u00e9rieure<\/a><\/li><li><a href=\"https:\/\/thierry-barrot.com\/artisan-peintre-bordeaux-revetement-de-sol-et-carrelage\/\">pose de carrelage et parquet<\/a><\/li><li>isolation thermique et phonique mur et plafond<\/li><li><a href=\"https:\/\/thierry-barrot.com\/artisan-peintre-bordeaux-placo-mur-et-plafond\/\">pose de placo mur et plafond<\/a><\/li><li>application de rev\u00eatement pour mur et plafond<\/li><li>vitrage (pose et remplacement des vitrages)<\/li><li><a href=\"https:\/\/thierry-barrot.com\/artisan-peintre-bordeaux-nettoyage-de-toiture-et-traitement\/\">nettoyage des toitures et des murs avec traitement anti-mousse<\/a><\/li><li><a href=\"https:\/\/thierry-barrot.com\/artisan-peintre-bordeaux-travaux-delectricite\/\">suppression, d\u00e9placement et tirage d\u2019anciennes ou nouvelles lignes \u00e9lectriques<\/a><\/li><li><a href=\"https:\/\/thierry-barrot.com\/artisan-peintre-bordeaux-travaux-de-maconnerie\/\">petits travaux de ma\u00e7onnerie<\/a>\u00a0: drain, d\u00e9molition\u2026<\/li><li><a href=\"https:\/\/thierry-barrot.com\/artisan-peintre-bordeaux-ravalement-de-facade\/\">Ravalement de fa\u00e7ade<\/a><\/li><\/ul><\/blockquote><p>Thierry Barrot <strong>artisan peintre bordeaux<\/strong> est dipl\u00f4m\u00e9 depuis 1988 il est <strong>qualifi\u00e9<\/strong>, <strong>\u00e9quip\u00e9<\/strong>, <strong>organis\u00e9<\/strong>. Respect des d\u00e9lais, des prix et suivis du chantier<\/p><p><strong>Sur Bordeaux depuis 1996<\/strong>, l\u2019entreprise r\u00e9alise une centaine de chantiers chaque ann\u00e9e pour satisfaire ses clients. Cette entreprise est \u00e9quip\u00e9e en \u00e9chafaudage, b\u00e9tonni\u00e8res, camion, etc.<\/p><p>Thierry Barrot est au service du particulier sur Bordeaux sa p\u00e9riph\u00e9rie dans un rayon de 50 km.<\/p>\t\t\t\t\t\t\t\t<\/div>\n\t\t\t\t<\/div>\n\t\t\t\t\t<\/div>\n\t\t<\/div>\n\t\t\t\t\t<\/div>\n\t\t<\/section>\n\t\t\t\t<\/div>\n\t\t","protected":false},"excerpt":{"rendered":"<p>DEVIS GRATUIT D\u00e9placement et devis \u00e9tabli gratuitement. Conseil et qualit\u00e9 Conseil et qualit\u00e9 des mat\u00e9riaux utilis\u00e9s et respect de votre habitation Notre engagement Respect des d\u00e9lais, des prix et suivis du chantier ! \u00a0Vous souhaitez r\u00e9aliser des travaux de r\u00e9novation de votre appartement ou maison, partiellement ou en totalit\u00e9. Pose de parquet, de rev\u00eatement de <a class=\"read-more\" href=\"https:\/\/thierry-barrot.com\/?page_id=92\">Lire la suite<\/a><\/p>\n","protected":false},"author":1,"featured_media":0,"parent":0,"menu_order":0,"comment_status":"closed","ping_status":"open","template":"template-full-width.php","meta":{"footnotes":""},"class_list":["post-92","page","type-page","status-publish","hentry"],"yoast_head":"<!-- This site is optimized with the Yoast SEO plugin v26.6 - https:\/\/yoast.com\/wordpress\/plugins\/seo\/ -->\n<title>Thierry BARROT artisan en r\u00e9novation et en neuf au service du particulier<\/title>\n<meta name=\"description\" content=\"Thierry BARROT, artisan peintre bordeaux Devis \u00e9tabli gratuitement, qualit\u00e9 des mat\u00e9riaux utilis\u00e9s et respect de votre habitation !\" \/>\n<meta name=\"robots\" content=\"index, follow, max-snippet:-1, max-image-preview:large, max-video-preview:-1\" \/>\n<link rel=\"canonical\" href=\"https:\/\/thierry-barrot.com\/?page_id=92\" \/>\n<meta property=\"og:locale\" content=\"fr_FR\" \/>\n<meta property=\"og:type\" content=\"article\" \/>\n<meta property=\"og:title\" content=\"Thierry BARROT artisan en r\u00e9novation et en neuf au service du particulier\" \/>\n<meta property=\"og:description\" content=\"Thierry BARROT, artisan peintre bordeaux Devis \u00e9tabli gratuitement, qualit\u00e9 des mat\u00e9riaux utilis\u00e9s et respect de votre habitation !\" \/>\n<meta property=\"og:url\" content=\"https:\/\/thierry-barrot.com\/?page_id=92\" \/>\n<meta property=\"og:site_name\" content=\"Thierry Barrot\" \/>\n<meta property=\"article:modified_time\" content=\"2021-04-12T18:27:20+00:00\" \/>\n<meta name=\"twitter:card\" content=\"summary_large_image\" \/>\n<meta name=\"twitter:label1\" content=\"Dur\u00e9e de lecture estim\u00e9e\" \/>\n\t<meta name=\"twitter:data1\" content=\"1 minute\" \/>\n<script type=\"application\/ld+json\" class=\"yoast-schema-graph\">{\"@context\":\"https:\/\/schema.org\",\"@graph\":[{\"@type\":\"WebPage\",\"@id\":\"https:\/\/thierry-barrot.com\/?page_id=92\",\"url\":\"https:\/\/thierry-barrot.com\/?page_id=92\",\"name\":\"Thierry BARROT artisan en r\u00e9novation et en neuf au service du particulier\",\"isPartOf\":{\"@id\":\"https:\/\/thierry-barrot.com\/#website\"},\"datePublished\":\"2016-10-31T20:17:17+00:00\",\"dateModified\":\"2021-04-12T18:27:20+00:00\",\"description\":\"Thierry BARROT, artisan peintre bordeaux Devis \u00e9tabli gratuitement, qualit\u00e9 des mat\u00e9riaux utilis\u00e9s et respect de votre habitation !\",\"breadcrumb\":{\"@id\":\"https:\/\/thierry-barrot.com\/?page_id=92#breadcrumb\"},\"inLanguage\":\"fr-FR\",\"potentialAction\":[{\"@type\":\"ReadAction\",\"target\":[\"https:\/\/thierry-barrot.com\/?page_id=92\"]}]},{\"@type\":\"BreadcrumbList\",\"@id\":\"https:\/\/thierry-barrot.com\/?page_id=92#breadcrumb\",\"itemListElement\":[{\"@type\":\"ListItem\",\"position\":1,\"name\":\"Accueil\",\"item\":\"https:\/\/thierry-barrot.com\/\"},{\"@type\":\"ListItem\",\"position\":2,\"name\":\"Artisan peintre Bordeaux\"}]},{\"@type\":\"WebSite\",\"@id\":\"https:\/\/thierry-barrot.com\/#website\",\"url\":\"https:\/\/thierry-barrot.com\/\",\"name\":\"Thierry Barrot\",\"description\":\"Artisan peintre sur la M\u00e9tropole de Bordeaux\",\"potentialAction\":[{\"@type\":\"SearchAction\",\"target\":{\"@type\":\"EntryPoint\",\"urlTemplate\":\"https:\/\/thierry-barrot.com\/?s={search_term_string}\"},\"query-input\":{\"@type\":\"PropertyValueSpecification\",\"valueRequired\":true,\"valueName\":\"search_term_string\"}}],\"inLanguage\":\"fr-FR\"}]}<\/script>\n<!-- \/ Yoast SEO plugin. -->","yoast_head_json":{"title":"Thierry BARROT artisan en r\u00e9novation et en neuf au service du particulier","description":"Thierry BARROT, artisan peintre bordeaux Devis \u00e9tabli gratuitement, qualit\u00e9 des mat\u00e9riaux utilis\u00e9s et respect de votre habitation !","robots":{"index":"index","follow":"follow","max-snippet":"max-snippet:-1","max-image-preview":"max-image-preview:large","max-video-preview":"max-video-preview:-1"},"canonical":"https:\/\/thierry-barrot.com\/?page_id=92","og_locale":"fr_FR","og_type":"article","og_title":"Thierry BARROT artisan en r\u00e9novation et en neuf au service du particulier","og_description":"Thierry BARROT, artisan peintre bordeaux Devis \u00e9tabli gratuitement, qualit\u00e9 des mat\u00e9riaux utilis\u00e9s et respect de votre habitation !","og_url":"https:\/\/thierry-barrot.com\/?page_id=92","og_site_name":"Thierry Barrot","article_modified_time":"2021-04-12T18:27:20+00:00","twitter_card":"summary_large_image","twitter_misc":{"Dur\u00e9e de lecture estim\u00e9e":"1 minute"},"schema":{"@context":"https:\/\/schema.org","@graph":[{"@type":"WebPage","@id":"https:\/\/thierry-barrot.com\/?page_id=92","url":"https:\/\/thierry-barrot.com\/?page_id=92","name":"Thierry BARROT artisan en r\u00e9novation et en neuf au service du particulier","isPartOf":{"@id":"https:\/\/thierry-barrot.com\/#website"},"datePublished":"2016-10-31T20:17:17+00:00","dateModified":"2021-04-12T18:27:20+00:00","description":"Thierry BARROT, artisan peintre bordeaux Devis \u00e9tabli gratuitement, qualit\u00e9 des mat\u00e9riaux utilis\u00e9s et respect de votre habitation !","breadcrumb":{"@id":"https:\/\/thierry-barrot.com\/?page_id=92#breadcrumb"},"inLanguage":"fr-FR","potentialAction":[{"@type":"ReadAction","target":["https:\/\/thierry-barrot.com\/?page_id=92"]}]},{"@type":"BreadcrumbList","@id":"https:\/\/thierry-barrot.com\/?page_id=92#breadcrumb","itemListElement":[{"@type":"ListItem","position":1,"name":"Accueil","item":"https:\/\/thierry-barrot.com\/"},{"@type":"ListItem","position":2,"name":"Artisan peintre Bordeaux"}]},{"@type":"WebSite","@id":"https:\/\/thierry-barrot.com\/#website","url":"https:\/\/thierry-barrot.com\/","name":"Thierry Barrot","description":"Artisan peintre sur la M\u00e9tropole de Bordeaux","potentialAction":[{"@type":"SearchAction","target":{"@type":"EntryPoint","urlTemplate":"https:\/\/thierry-barrot.com\/?s={search_term_string}"},"query-input":{"@type":"PropertyValueSpecification","valueRequired":true,"valueName":"search_term_string"}}],"inLanguage":"fr-FR"}]}},"_links":{"self":[{"href":"https:\/\/thierry-barrot.com\/index.php?rest_route=\/wp\/v2\/pages\/92","targetHints":{"allow":["GET"]}}],"collection":[{"href":"https:\/\/thierry-barrot.com\/index.php?rest_route=\/wp\/v2\/pages"}],"about":[{"href":"https:\/\/thierry-barrot.com\/index.php?rest_route=\/wp\/v2\/types\/page"}],"author":[{"embeddable":true,"href":"https:\/\/thierry-barrot.com\/index.php?rest_route=\/wp\/v2\/users\/1"}],"replies":[{"embeddable":true,"href":"https:\/\/thierry-barrot.com\/index.php?rest_route=%2Fwp%2Fv2%2Fcomments&post=92"}],"version-history":[{"count":28,"href":"https:\/\/thierry-barrot.com\/index.php?rest_route=\/wp\/v2\/pages\/92\/revisions"}],"predecessor-version":[{"id":1672,"href":"https:\/\/thierry-barrot.com\/index.php?rest_route=\/wp\/v2\/pages\/92\/revisions\/1672"}],"wp:attachment":[{"href":"https:\/\/thierry-barrot.com\/index.php?rest_route=%2Fwp%2Fv2%2Fmedia&parent=92"}],"curies":[{"name":"wp","href":"https:\/\/api.w.org\/{rel}","templated":true}]}}