{"id":29,"date":"2016-05-05T08:31:36","date_gmt":"2016-05-05T06:31:36","guid":{"rendered":"http:\/\/thierry-barrot.com\/?page_id=29"},"modified":"2021-04-12T20:29:17","modified_gmt":"2021-04-12T18:29:17","slug":"contact-devis-gratuit","status":"publish","type":"page","link":"https:\/\/thierry-barrot.com\/?page_id=29","title":{"rendered":"Contact"},"content":{"rendered":"\t\t<div data-elementor-type=\"wp-page\" data-elementor-id=\"29\" class=\"elementor elementor-29\">\n\t\t\t\t\t\t<section class=\"elementor-section elementor-top-section elementor-element elementor-element-4327f217 elementor-section-boxed elementor-section-height-default elementor-section-height-default\" data-id=\"4327f217\" data-element_type=\"section\">\n\t\t\t\t\t\t<div class=\"elementor-container elementor-column-gap-default\">\n\t\t\t\t\t<div class=\"elementor-column elementor-col-100 elementor-top-column elementor-element elementor-element-5a5481bc\" data-id=\"5a5481bc\" data-element_type=\"column\">\n\t\t\t<div class=\"elementor-widget-wrap elementor-element-populated\">\n\t\t\t\t\t\t<div class=\"elementor-element elementor-element-53c6f0db elementor-widget elementor-widget-text-editor\" data-id=\"53c6f0db\" data-element_type=\"widget\" data-widget_type=\"text-editor.default\">\n\t\t\t\t<div class=\"elementor-widget-container\">\n\t\t\t\t\t\t\t\t\t<div class=\"col-xs-12 col-sm-12 col-md-12 col-lg-12\"><h3>Devis Gratuit<\/h3><p>Thierry BARROT <strong>Artisan peintre Bordeaux<\/strong>, votre <strong>entreprise de peinture Gironde<\/strong>. Quelque soit votre projet de <strong>d\u00e9coration<\/strong> ou de <strong>r\u00e9novation<\/strong> contactez-nous pour en discuter.\u00a0 Confiez vos travaux \u00e0 un artisan peintre et obtenez des r\u00e9sultats d\u2019une <strong>qualit\u00e9<\/strong> <strong>irr\u00e9prochable<\/strong>.<\/p><p>Vous pouvez me <strong>contacter<\/strong> via le <strong>formulaire<\/strong> ci-dessous ou par <strong>t\u00e9l\u00e9phone.<\/strong> Si vous ne m\u2019avez pas directement je vous invite \u00e0 me laisser un message pour me permettre de vous rappeler dans les plus brefs d\u00e9lais.<\/p><\/div>\t\t\t\t\t\t\t\t<\/div>\n\t\t\t\t<\/div>\n\t\t\t\t\t<\/div>\n\t\t<\/div>\n\t\t\t\t\t<\/div>\n\t\t<\/section>\n\t\t\t\t<section class=\"elementor-section elementor-top-section elementor-element elementor-element-aaebd3c elementor-section-boxed elementor-section-height-default elementor-section-height-default\" data-id=\"aaebd3c\" data-element_type=\"section\">\n\t\t\t\t\t\t<div class=\"elementor-container elementor-column-gap-default\">\n\t\t\t\t\t<div class=\"elementor-column elementor-col-100 elementor-top-column elementor-element elementor-element-5a9cf72\" data-id=\"5a9cf72\" data-element_type=\"column\">\n\t\t\t<div class=\"elementor-widget-wrap elementor-element-populated\">\n\t\t\t\t\t\t<div class=\"elementor-element elementor-element-62d7452 elementor-widget elementor-widget-text-editor\" data-id=\"62d7452\" data-element_type=\"widget\" data-widget_type=\"text-editor.default\">\n\t\t\t\t<div class=\"elementor-widget-container\">\n\t\t\t\t\t\t\t\t\t\n<div class=\"wpcf7 no-js\" id=\"wpcf7-f6-o1\" lang=\"fr-FR\" dir=\"ltr\" data-wpcf7-id=\"6\">\n<div class=\"screen-reader-response\"><p role=\"status\" aria-live=\"polite\" aria-atomic=\"true\"><\/p> <ul><\/ul><\/div>\n<form action=\"\/index.php?rest_route=%2Fwp%2Fv2%2Fpages%2F29#wpcf7-f6-o1\" method=\"post\" class=\"wpcf7-form init\" aria-label=\"Formulaire de contact\" novalidate=\"novalidate\" data-status=\"init\">\n<fieldset class=\"hidden-fields-container\"><input type=\"hidden\" name=\"_wpcf7\" value=\"6\" \/><input type=\"hidden\" name=\"_wpcf7_version\" value=\"6.1.4\" \/><input type=\"hidden\" name=\"_wpcf7_locale\" value=\"fr_FR\" \/><input type=\"hidden\" name=\"_wpcf7_unit_tag\" value=\"wpcf7-f6-o1\" \/><input type=\"hidden\" name=\"_wpcf7_container_post\" value=\"0\" \/><input type=\"hidden\" name=\"_wpcf7_posted_data_hash\" value=\"\" \/>\n<\/fieldset>\n<p>Nom (obligatoire)\n<\/p>\n<p><span class=\"wpcf7-form-control-wrap\" data-name=\"your-name\"><input size=\"40\" maxlength=\"400\" class=\"wpcf7-form-control wpcf7-text wpcf7-validates-as-required\" aria-required=\"true\" aria-invalid=\"false\" value=\"\" type=\"text\" name=\"your-name\" \/><\/span>\n<\/p>\n<p>Email (obligatoire)\n<\/p>\n<p><span class=\"wpcf7-form-control-wrap\" data-name=\"your-email\"><input size=\"40\" maxlength=\"400\" class=\"wpcf7-form-control wpcf7-email wpcf7-validates-as-required wpcf7-text wpcf7-validates-as-email\" aria-required=\"true\" aria-invalid=\"false\" value=\"\" type=\"email\" name=\"your-email\" \/><\/span>\n<\/p>\n<p>T\u00e9l\u00e9phone\n<\/p>\n<p><span class=\"wpcf7-form-control-wrap\" data-name=\"tel\"><input size=\"40\" maxlength=\"400\" class=\"wpcf7-form-control wpcf7-tel wpcf7-text wpcf7-validates-as-tel\" aria-invalid=\"false\" value=\"\" type=\"tel\" name=\"tel\" \/><\/span>\n<\/p>\n<p>Sujet\n<\/p>\n<p><span class=\"wpcf7-form-control-wrap\" data-name=\"your-subject\"><input size=\"40\" maxlength=\"400\" class=\"wpcf7-form-control wpcf7-text\" aria-invalid=\"false\" value=\"\" type=\"text\" name=\"your-subject\" \/><\/span>\n<\/p>\n<p>Votre message\n<\/p>\n<p><span class=\"wpcf7-form-control-wrap\" data-name=\"your-message\"><textarea cols=\"40\" rows=\"10\" maxlength=\"2000\" class=\"wpcf7-form-control wpcf7-textarea\" aria-invalid=\"false\" name=\"your-message\"><\/textarea><\/span>\n<\/p>\n<p><input class=\"wpcf7-form-control wpcf7-submit has-spinner\" type=\"submit\" value=\"Envoyer\" \/>\n<\/p><div class=\"wpcf7-response-output\" aria-hidden=\"true\"><\/div>\n<\/form>\n<\/div>\n\t\t\t\t\t\t\t\t<\/div>\n\t\t\t\t<\/div>\n\t\t\t\t\t<\/div>\n\t\t<\/div>\n\t\t\t\t\t<\/div>\n\t\t<\/section>\n\t\t\t\t<section class=\"elementor-section elementor-top-section elementor-element elementor-element-9ff3916 elementor-section-boxed elementor-section-height-default elementor-section-height-default\" data-id=\"9ff3916\" data-element_type=\"section\">\n\t\t\t\t\t\t<div class=\"elementor-container elementor-column-gap-default\">\n\t\t\t\t\t<div class=\"elementor-column elementor-col-100 elementor-top-column elementor-element elementor-element-ae28007\" data-id=\"ae28007\" data-element_type=\"column\">\n\t\t\t<div class=\"elementor-widget-wrap elementor-element-populated\">\n\t\t\t\t\t\t<div class=\"elementor-element elementor-element-a6ed872 elementor-widget elementor-widget-text-editor\" data-id=\"a6ed872\" data-element_type=\"widget\" data-widget_type=\"text-editor.default\">\n\t\t\t\t<div class=\"elementor-widget-container\">\n\t\t\t\t\t\t\t\t\t<div class=\"col-xs-12 col-sm-12 col-md-12 col-lg-12\"><h3>Un devis, une question, une mise en relation avec Thierry Barrot :\u00a0<\/h3><\/div><div class=\"col-xs-12 col-sm-12 col-md-12 col-lg-12\"><p><strong>68 route de Madirac<\/strong><br \/><strong>33880 SAINT CAPRAIS DE BORDEAUX<br \/><\/strong><\/p><\/div><div class=\"col-xs-12 col-sm-12 col-md-12 col-lg-12\"><p>06 67 56 66 20<br \/>05 56 44 15 16<br \/>contact@thierry-barrot.com<\/p><p><a class=\"ctaButton\" href=\"tel:+330667566620\"> Appeler depuis votre mobile<\/a><\/p><\/div>\t\t\t\t\t\t\t\t<\/div>\n\t\t\t\t<\/div>\n\t\t\t\t<div class=\"elementor-element elementor-element-628482a elementor-widget elementor-widget-google_maps\" data-id=\"628482a\" data-element_type=\"widget\" data-widget_type=\"google_maps.default\">\n\t\t\t\t<div class=\"elementor-widget-container\">\n\t\t\t\t\t\t\t<div class=\"elementor-custom-embed\">\n\t\t\t<iframe loading=\"lazy\"\n\t\t\t\t\tsrc=\"https:\/\/maps.google.com\/maps?q=bordeaux&#038;t=m&#038;z=10&#038;output=embed&#038;iwloc=near\"\n\t\t\t\t\ttitle=\"bordeaux\"\n\t\t\t\t\taria-label=\"bordeaux\"\n\t\t\t><\/iframe>\n\t\t<\/div>\n\t\t\t\t\t\t<\/div>\n\t\t\t\t<\/div>\n\t\t\t\t\t<\/div>\n\t\t<\/div>\n\t\t\t\t\t<\/div>\n\t\t<\/section>\n\t\t\t\t<\/div>\n\t\t","protected":false},"excerpt":{"rendered":"<p>Devis Gratuit Thierry BARROT Artisan peintre Bordeaux, votre entreprise de peinture Gironde. Quelque soit votre projet de d\u00e9coration ou de r\u00e9novation contactez-nous pour en discuter.\u00a0 Confiez vos travaux \u00e0 un artisan peintre et obtenez des r\u00e9sultats d\u2019une qualit\u00e9 irr\u00e9prochable. Vous pouvez me contacter via le formulaire ci-dessous ou par t\u00e9l\u00e9phone. Si vous ne m\u2019avez pas <a class=\"read-more\" href=\"https:\/\/thierry-barrot.com\/?page_id=29\">Lire la suite<\/a><\/p>\n","protected":false},"author":1,"featured_media":0,"parent":0,"menu_order":0,"comment_status":"closed","ping_status":"open","template":"template-full-width.php","meta":{"footnotes":""},"class_list":["post-29","page","type-page","status-publish","hentry"],"yoast_head":"<!-- This site is optimized with the Yoast SEO plugin v26.6 - https:\/\/yoast.com\/wordpress\/plugins\/seo\/ -->\n<title>Contact-DEVIS GRATUIT-Thierry BARROT demande de renseignements<\/title>\n<meta name=\"description\" content=\"Thierry BARROT-Contactez moi pour tous renseignements au sujet de vos travaux ou pour demander un devis gratuit afin de r\u00e9aliser vos travaux\" \/>\n<meta name=\"robots\" content=\"index, follow, max-snippet:-1, max-image-preview:large, max-video-preview:-1\" \/>\n<link rel=\"canonical\" href=\"https:\/\/thierry-barrot.com\/?page_id=29\" \/>\n<meta property=\"og:locale\" content=\"fr_FR\" \/>\n<meta property=\"og:type\" content=\"article\" \/>\n<meta property=\"og:title\" content=\"Contact-DEVIS GRATUIT-Thierry BARROT demande de renseignements\" \/>\n<meta property=\"og:description\" content=\"Thierry BARROT-Contactez moi pour tous renseignements au sujet de vos travaux ou pour demander un devis gratuit afin de r\u00e9aliser vos travaux\" \/>\n<meta property=\"og:url\" content=\"https:\/\/thierry-barrot.com\/?page_id=29\" \/>\n<meta property=\"og:site_name\" content=\"Thierry Barrot\" \/>\n<meta property=\"article:modified_time\" content=\"2021-04-12T18:29:17+00:00\" \/>\n<meta name=\"twitter:card\" content=\"summary_large_image\" \/>\n<meta name=\"twitter:label1\" content=\"Dur\u00e9e de lecture estim\u00e9e\" \/>\n\t<meta name=\"twitter:data1\" content=\"1 minute\" \/>\n<script type=\"application\/ld+json\" class=\"yoast-schema-graph\">{\"@context\":\"https:\/\/schema.org\",\"@graph\":[{\"@type\":\"WebPage\",\"@id\":\"https:\/\/thierry-barrot.com\/?page_id=29\",\"url\":\"https:\/\/thierry-barrot.com\/?page_id=29\",\"name\":\"Contact-DEVIS GRATUIT-Thierry BARROT demande de renseignements\",\"isPartOf\":{\"@id\":\"https:\/\/thierry-barrot.com\/#website\"},\"datePublished\":\"2016-05-05T06:31:36+00:00\",\"dateModified\":\"2021-04-12T18:29:17+00:00\",\"description\":\"Thierry BARROT-Contactez moi pour tous renseignements au sujet de vos travaux ou pour demander un devis gratuit afin de r\u00e9aliser vos travaux\",\"breadcrumb\":{\"@id\":\"https:\/\/thierry-barrot.com\/?page_id=29#breadcrumb\"},\"inLanguage\":\"fr-FR\",\"potentialAction\":[{\"@type\":\"ReadAction\",\"target\":[\"https:\/\/thierry-barrot.com\/?page_id=29\"]}]},{\"@type\":\"BreadcrumbList\",\"@id\":\"https:\/\/thierry-barrot.com\/?page_id=29#breadcrumb\",\"itemListElement\":[{\"@type\":\"ListItem\",\"position\":1,\"name\":\"Accueil\",\"item\":\"https:\/\/thierry-barrot.com\/\"},{\"@type\":\"ListItem\",\"position\":2,\"name\":\"Contact\"}]},{\"@type\":\"WebSite\",\"@id\":\"https:\/\/thierry-barrot.com\/#website\",\"url\":\"https:\/\/thierry-barrot.com\/\",\"name\":\"Thierry Barrot\",\"description\":\"Artisan peintre sur la M\u00e9tropole de Bordeaux\",\"potentialAction\":[{\"@type\":\"SearchAction\",\"target\":{\"@type\":\"EntryPoint\",\"urlTemplate\":\"https:\/\/thierry-barrot.com\/?s={search_term_string}\"},\"query-input\":{\"@type\":\"PropertyValueSpecification\",\"valueRequired\":true,\"valueName\":\"search_term_string\"}}],\"inLanguage\":\"fr-FR\"}]}<\/script>\n<!-- \/ Yoast SEO plugin. -->","yoast_head_json":{"title":"Contact-DEVIS GRATUIT-Thierry BARROT demande de renseignements","description":"Thierry BARROT-Contactez moi pour tous renseignements au sujet de vos travaux ou pour demander un devis gratuit afin de r\u00e9aliser vos travaux","robots":{"index":"index","follow":"follow","max-snippet":"max-snippet:-1","max-image-preview":"max-image-preview:large","max-video-preview":"max-video-preview:-1"},"canonical":"https:\/\/thierry-barrot.com\/?page_id=29","og_locale":"fr_FR","og_type":"article","og_title":"Contact-DEVIS GRATUIT-Thierry BARROT demande de renseignements","og_description":"Thierry BARROT-Contactez moi pour tous renseignements au sujet de vos travaux ou pour demander un devis gratuit afin de r\u00e9aliser vos travaux","og_url":"https:\/\/thierry-barrot.com\/?page_id=29","og_site_name":"Thierry Barrot","article_modified_time":"2021-04-12T18:29:17+00:00","twitter_card":"summary_large_image","twitter_misc":{"Dur\u00e9e de lecture estim\u00e9e":"1 minute"},"schema":{"@context":"https:\/\/schema.org","@graph":[{"@type":"WebPage","@id":"https:\/\/thierry-barrot.com\/?page_id=29","url":"https:\/\/thierry-barrot.com\/?page_id=29","name":"Contact-DEVIS GRATUIT-Thierry BARROT demande de renseignements","isPartOf":{"@id":"https:\/\/thierry-barrot.com\/#website"},"datePublished":"2016-05-05T06:31:36+00:00","dateModified":"2021-04-12T18:29:17+00:00","description":"Thierry BARROT-Contactez moi pour tous renseignements au sujet de vos travaux ou pour demander un devis gratuit afin de r\u00e9aliser vos travaux","breadcrumb":{"@id":"https:\/\/thierry-barrot.com\/?page_id=29#breadcrumb"},"inLanguage":"fr-FR","potentialAction":[{"@type":"ReadAction","target":["https:\/\/thierry-barrot.com\/?page_id=29"]}]},{"@type":"BreadcrumbList","@id":"https:\/\/thierry-barrot.com\/?page_id=29#breadcrumb","itemListElement":[{"@type":"ListItem","position":1,"name":"Accueil","item":"https:\/\/thierry-barrot.com\/"},{"@type":"ListItem","position":2,"name":"Contact"}]},{"@type":"WebSite","@id":"https:\/\/thierry-barrot.com\/#website","url":"https:\/\/thierry-barrot.com\/","name":"Thierry Barrot","description":"Artisan peintre sur la M\u00e9tropole de Bordeaux","potentialAction":[{"@type":"SearchAction","target":{"@type":"EntryPoint","urlTemplate":"https:\/\/thierry-barrot.com\/?s={search_term_string}"},"query-input":{"@type":"PropertyValueSpecification","valueRequired":true,"valueName":"search_term_string"}}],"inLanguage":"fr-FR"}]}},"_links":{"self":[{"href":"https:\/\/thierry-barrot.com\/index.php?rest_route=\/wp\/v2\/pages\/29","targetHints":{"allow":["GET"]}}],"collection":[{"href":"https:\/\/thierry-barrot.com\/index.php?rest_route=\/wp\/v2\/pages"}],"about":[{"href":"https:\/\/thierry-barrot.com\/index.php?rest_route=\/wp\/v2\/types\/page"}],"author":[{"embeddable":true,"href":"https:\/\/thierry-barrot.com\/index.php?rest_route=\/wp\/v2\/users\/1"}],"replies":[{"embeddable":true,"href":"https:\/\/thierry-barrot.com\/index.php?rest_route=%2Fwp%2Fv2%2Fcomments&post=29"}],"version-history":[{"count":27,"href":"https:\/\/thierry-barrot.com\/index.php?rest_route=\/wp\/v2\/pages\/29\/revisions"}],"predecessor-version":[{"id":1675,"href":"https:\/\/thierry-barrot.com\/index.php?rest_route=\/wp\/v2\/pages\/29\/revisions\/1675"}],"wp:attachment":[{"href":"https:\/\/thierry-barrot.com\/index.php?rest_route=%2Fwp%2Fv2%2Fmedia&parent=29"}],"curies":[{"name":"wp","href":"https:\/\/api.w.org\/{rel}","templated":true}]}}