{"id":210,"date":"2016-06-05T02:15:41","date_gmt":"2016-06-05T00:15:41","guid":{"rendered":"http:\/\/thierry-barrot.com\/?page_id=210"},"modified":"2021-03-15T15:47:13","modified_gmt":"2021-03-15T14:47:13","slug":"mentions-legales-entreprise-de-peinture-bordeaux","status":"publish","type":"page","link":"https:\/\/thierry-barrot.com\/?page_id=210","title":{"rendered":"Mentions L\u00e9gales"},"content":{"rendered":"\t\t<div data-elementor-type=\"wp-page\" data-elementor-id=\"210\" class=\"elementor elementor-210\">\n\t\t\t\t\t\t<section class=\"elementor-section elementor-top-section elementor-element elementor-element-34084450 elementor-section-boxed elementor-section-height-default elementor-section-height-default\" data-id=\"34084450\" data-element_type=\"section\">\n\t\t\t\t\t\t<div class=\"elementor-container elementor-column-gap-default\">\n\t\t\t\t\t<div class=\"elementor-column elementor-col-100 elementor-top-column elementor-element elementor-element-40c77844\" data-id=\"40c77844\" data-element_type=\"column\">\n\t\t\t<div class=\"elementor-widget-wrap elementor-element-populated\">\n\t\t\t\t\t\t<div class=\"elementor-element elementor-element-2cf7b023 elementor-widget elementor-widget-text-editor\" data-id=\"2cf7b023\" data-element_type=\"widget\" data-widget_type=\"text-editor.default\">\n\t\t\t\t<div class=\"elementor-widget-container\">\n\t\t\t\t\t\t\t\t\t<h2>Entreprise de peinture bordeaux<\/h2><p>En vertu de l\u2019article 6 de la loi n\u00b0 2004-575 du 21 juin 2004 pour la confiance dans l\u2019\u00e9conomie num\u00e9rique, il est pr\u00e9cis\u00e9 aux utilisateurs du site <a href=\"https:\/\/www.thierry-barrot.com\">https:\/\/www.thierry-barrot.com<\/a> l\u2019identit\u00e9 des diff\u00e9rents intervenants dans le cadre de sa r\u00e9alisation et de son suivi :<\/p><h5><strong>Propri\u00e9taire<\/strong> : Thierry Barrot<\/h5><p>Adresse : 68 bis, route de Madirac, 33880 Saint-Caprais de Bordeaux<\/p><p>N\u00b0 RC D\u00e9c\u00e9nale : 00\/S.10001.004666<\/p><p>N\u00b0 Siren : 409 015 484 00044<\/p><p>06.67.56.66.20 \/ 05.56.44.15.16<\/p><h5><strong>H\u00e9bergeur<\/strong> : OVH<\/h5><p>Lille M\u00e9tropole 424 761 419 00045 Code APE 2620Z N\u00b0 TVA : FR 22 424 761 419 Si\u00e8ge social : 2 rue Kellermann \u2013 59100 Roubaix \u2013 France<\/p>\t\t\t\t\t\t\t\t<\/div>\n\t\t\t\t<\/div>\n\t\t\t\t\t<\/div>\n\t\t<\/div>\n\t\t\t\t\t<\/div>\n\t\t<\/section>\n\t\t\t\t<\/div>\n\t\t","protected":false},"excerpt":{"rendered":"<p>Entreprise de peinture bordeaux En vertu de l\u2019article 6 de la loi n\u00b0 2004-575 du 21 juin 2004 pour la confiance dans l\u2019\u00e9conomie num\u00e9rique, il est pr\u00e9cis\u00e9 aux utilisateurs du site https:\/\/www.thierry-barrot.com l\u2019identit\u00e9 des diff\u00e9rents intervenants dans le cadre de sa r\u00e9alisation et de son suivi : Propri\u00e9taire : Thierry Barrot Adresse : 68 bis, <a class=\"read-more\" href=\"https:\/\/thierry-barrot.com\/?page_id=210\">Lire la suite<\/a><\/p>\n","protected":false},"author":1,"featured_media":0,"parent":0,"menu_order":0,"comment_status":"closed","ping_status":"closed","template":"template-full-width.php","meta":{"footnotes":""},"class_list":["post-210","page","type-page","status-publish","hentry"],"yoast_head":"<!-- This site is optimized with the Yoast SEO plugin v26.6 - https:\/\/yoast.com\/wordpress\/plugins\/seo\/ -->\n<title>Mentions L\u00e9gales - Thierry Barrot<\/title>\n<meta name=\"description\" content=\"votre entreprise de peinture bordeaux, situ\u00e9 en gironde, propose ses services pour tous travaux de renovation int\u00e9rieurs et ext\u00e9rieurs.\" \/>\n<meta name=\"robots\" content=\"index, follow, max-snippet:-1, max-image-preview:large, max-video-preview:-1\" \/>\n<link rel=\"canonical\" href=\"https:\/\/thierry-barrot.com\/?page_id=210\" \/>\n<meta property=\"og:locale\" content=\"fr_FR\" \/>\n<meta property=\"og:type\" content=\"article\" \/>\n<meta property=\"og:title\" content=\"Mentions L\u00e9gales - Thierry Barrot\" \/>\n<meta property=\"og:description\" content=\"votre entreprise de peinture bordeaux, situ\u00e9 en gironde, propose ses services pour tous travaux de renovation int\u00e9rieurs et ext\u00e9rieurs.\" \/>\n<meta property=\"og:url\" content=\"https:\/\/thierry-barrot.com\/?page_id=210\" \/>\n<meta property=\"og:site_name\" content=\"Thierry Barrot\" \/>\n<meta property=\"article:modified_time\" content=\"2021-03-15T14:47:13+00:00\" \/>\n<meta name=\"twitter:card\" content=\"summary_large_image\" \/>\n<meta name=\"twitter:label1\" content=\"Dur\u00e9e de lecture estim\u00e9e\" \/>\n\t<meta name=\"twitter:data1\" content=\"1 minute\" \/>\n<script type=\"application\/ld+json\" class=\"yoast-schema-graph\">{\"@context\":\"https:\/\/schema.org\",\"@graph\":[{\"@type\":\"WebPage\",\"@id\":\"https:\/\/thierry-barrot.com\/?page_id=210\",\"url\":\"https:\/\/thierry-barrot.com\/?page_id=210\",\"name\":\"Mentions L\u00e9gales - Thierry Barrot\",\"isPartOf\":{\"@id\":\"https:\/\/thierry-barrot.com\/#website\"},\"datePublished\":\"2016-06-05T00:15:41+00:00\",\"dateModified\":\"2021-03-15T14:47:13+00:00\",\"description\":\"votre entreprise de peinture bordeaux, situ\u00e9 en gironde, propose ses services pour tous travaux de renovation int\u00e9rieurs et ext\u00e9rieurs.\",\"breadcrumb\":{\"@id\":\"https:\/\/thierry-barrot.com\/?page_id=210#breadcrumb\"},\"inLanguage\":\"fr-FR\",\"potentialAction\":[{\"@type\":\"ReadAction\",\"target\":[\"https:\/\/thierry-barrot.com\/?page_id=210\"]}]},{\"@type\":\"BreadcrumbList\",\"@id\":\"https:\/\/thierry-barrot.com\/?page_id=210#breadcrumb\",\"itemListElement\":[{\"@type\":\"ListItem\",\"position\":1,\"name\":\"Accueil\",\"item\":\"https:\/\/thierry-barrot.com\/\"},{\"@type\":\"ListItem\",\"position\":2,\"name\":\"Mentions L\u00e9gales\"}]},{\"@type\":\"WebSite\",\"@id\":\"https:\/\/thierry-barrot.com\/#website\",\"url\":\"https:\/\/thierry-barrot.com\/\",\"name\":\"Thierry Barrot\",\"description\":\"Artisan peintre sur la M\u00e9tropole de Bordeaux\",\"potentialAction\":[{\"@type\":\"SearchAction\",\"target\":{\"@type\":\"EntryPoint\",\"urlTemplate\":\"https:\/\/thierry-barrot.com\/?s={search_term_string}\"},\"query-input\":{\"@type\":\"PropertyValueSpecification\",\"valueRequired\":true,\"valueName\":\"search_term_string\"}}],\"inLanguage\":\"fr-FR\"}]}<\/script>\n<!-- \/ Yoast SEO plugin. -->","yoast_head_json":{"title":"Mentions L\u00e9gales - Thierry Barrot","description":"votre entreprise de peinture bordeaux, situ\u00e9 en gironde, propose ses services pour tous travaux de renovation int\u00e9rieurs et ext\u00e9rieurs.","robots":{"index":"index","follow":"follow","max-snippet":"max-snippet:-1","max-image-preview":"max-image-preview:large","max-video-preview":"max-video-preview:-1"},"canonical":"https:\/\/thierry-barrot.com\/?page_id=210","og_locale":"fr_FR","og_type":"article","og_title":"Mentions L\u00e9gales - Thierry Barrot","og_description":"votre entreprise de peinture bordeaux, situ\u00e9 en gironde, propose ses services pour tous travaux de renovation int\u00e9rieurs et ext\u00e9rieurs.","og_url":"https:\/\/thierry-barrot.com\/?page_id=210","og_site_name":"Thierry Barrot","article_modified_time":"2021-03-15T14:47:13+00:00","twitter_card":"summary_large_image","twitter_misc":{"Dur\u00e9e de lecture estim\u00e9e":"1 minute"},"schema":{"@context":"https:\/\/schema.org","@graph":[{"@type":"WebPage","@id":"https:\/\/thierry-barrot.com\/?page_id=210","url":"https:\/\/thierry-barrot.com\/?page_id=210","name":"Mentions L\u00e9gales - Thierry Barrot","isPartOf":{"@id":"https:\/\/thierry-barrot.com\/#website"},"datePublished":"2016-06-05T00:15:41+00:00","dateModified":"2021-03-15T14:47:13+00:00","description":"votre entreprise de peinture bordeaux, situ\u00e9 en gironde, propose ses services pour tous travaux de renovation int\u00e9rieurs et ext\u00e9rieurs.","breadcrumb":{"@id":"https:\/\/thierry-barrot.com\/?page_id=210#breadcrumb"},"inLanguage":"fr-FR","potentialAction":[{"@type":"ReadAction","target":["https:\/\/thierry-barrot.com\/?page_id=210"]}]},{"@type":"BreadcrumbList","@id":"https:\/\/thierry-barrot.com\/?page_id=210#breadcrumb","itemListElement":[{"@type":"ListItem","position":1,"name":"Accueil","item":"https:\/\/thierry-barrot.com\/"},{"@type":"ListItem","position":2,"name":"Mentions L\u00e9gales"}]},{"@type":"WebSite","@id":"https:\/\/thierry-barrot.com\/#website","url":"https:\/\/thierry-barrot.com\/","name":"Thierry Barrot","description":"Artisan peintre sur la M\u00e9tropole de Bordeaux","potentialAction":[{"@type":"SearchAction","target":{"@type":"EntryPoint","urlTemplate":"https:\/\/thierry-barrot.com\/?s={search_term_string}"},"query-input":{"@type":"PropertyValueSpecification","valueRequired":true,"valueName":"search_term_string"}}],"inLanguage":"fr-FR"}]}},"_links":{"self":[{"href":"https:\/\/thierry-barrot.com\/index.php?rest_route=\/wp\/v2\/pages\/210","targetHints":{"allow":["GET"]}}],"collection":[{"href":"https:\/\/thierry-barrot.com\/index.php?rest_route=\/wp\/v2\/pages"}],"about":[{"href":"https:\/\/thierry-barrot.com\/index.php?rest_route=\/wp\/v2\/types\/page"}],"author":[{"embeddable":true,"href":"https:\/\/thierry-barrot.com\/index.php?rest_route=\/wp\/v2\/users\/1"}],"replies":[{"embeddable":true,"href":"https:\/\/thierry-barrot.com\/index.php?rest_route=%2Fwp%2Fv2%2Fcomments&post=210"}],"version-history":[{"count":15,"href":"https:\/\/thierry-barrot.com\/index.php?rest_route=\/wp\/v2\/pages\/210\/revisions"}],"predecessor-version":[{"id":1325,"href":"https:\/\/thierry-barrot.com\/index.php?rest_route=\/wp\/v2\/pages\/210\/revisions\/1325"}],"wp:attachment":[{"href":"https:\/\/thierry-barrot.com\/index.php?rest_route=%2Fwp%2Fv2%2Fmedia&parent=210"}],"curies":[{"name":"wp","href":"https:\/\/api.w.org\/{rel}","templated":true}]}}