{"id":201,"date":"2016-06-05T02:03:10","date_gmt":"2016-06-05T00:03:10","guid":{"rendered":"http:\/\/thierry-barrot.com\/?page_id=201"},"modified":"2021-03-15T15:47:06","modified_gmt":"2021-03-15T14:47:06","slug":"thierry-barrot-artisan-peintre-bordeaux","status":"publish","type":"page","link":"https:\/\/thierry-barrot.com\/?page_id=201","title":{"rendered":"En savoir plus&#8230;"},"content":{"rendered":"\t\t<div data-elementor-type=\"wp-page\" data-elementor-id=\"201\" class=\"elementor elementor-201\">\n\t\t\t\t\t\t<section class=\"elementor-section elementor-top-section elementor-element elementor-element-749827b elementor-section-boxed elementor-section-height-default elementor-section-height-default\" data-id=\"749827b\" data-element_type=\"section\">\n\t\t\t\t\t\t<div class=\"elementor-container elementor-column-gap-default\">\n\t\t\t\t\t<div class=\"elementor-column elementor-col-33 elementor-top-column elementor-element elementor-element-f7c103f\" data-id=\"f7c103f\" data-element_type=\"column\">\n\t\t\t<div class=\"elementor-widget-wrap elementor-element-populated\">\n\t\t\t\t\t\t<div class=\"elementor-element elementor-element-92adde8 elementor-widget elementor-widget-image\" data-id=\"92adde8\" data-element_type=\"widget\" data-widget_type=\"image.default\">\n\t\t\t\t<div class=\"elementor-widget-container\">\n\t\t\t\t\t\t\t\t\t\t\t\t\t\t\t<img fetchpriority=\"high\" decoding=\"async\" width=\"239\" height=\"239\" src=\"https:\/\/thierry-barrot.com\/wp-content\/uploads\/2016\/06\/artisan-peintre-bordeaux-thierry-barrot.jpg\" class=\"attachment-large size-large wp-image-937\" alt=\"artisan peintre bordeaux thierry barrot\" srcset=\"https:\/\/thierry-barrot.com\/wp-content\/uploads\/2016\/06\/artisan-peintre-bordeaux-thierry-barrot.jpg 239w, https:\/\/thierry-barrot.com\/wp-content\/uploads\/2016\/06\/artisan-peintre-bordeaux-thierry-barrot-150x150.jpg 150w, https:\/\/thierry-barrot.com\/wp-content\/uploads\/2016\/06\/artisan-peintre-bordeaux-thierry-barrot-80x80.jpg 80w\" sizes=\"(max-width: 239px) 100vw, 239px\" \/>\t\t\t\t\t\t\t\t\t\t\t\t\t\t\t<\/div>\n\t\t\t\t<\/div>\n\t\t\t\t\t<\/div>\n\t\t<\/div>\n\t\t\t\t<div class=\"elementor-column elementor-col-66 elementor-top-column elementor-element elementor-element-21ae674\" data-id=\"21ae674\" data-element_type=\"column\">\n\t\t\t<div class=\"elementor-widget-wrap elementor-element-populated\">\n\t\t\t\t\t\t<div class=\"elementor-element elementor-element-b753730 elementor-widget elementor-widget-text-editor\" data-id=\"b753730\" data-element_type=\"widget\" data-widget_type=\"text-editor.default\">\n\t\t\t\t<div class=\"elementor-widget-container\">\n\t\t\t\t\t\t\t\t\t<p>\u00a0<\/p><p><span style=\"font-weight: 400;\">Thierry Barrot artisan peintre bordeaux est dipl\u00f4m\u00e9 depuis 1988 il est qualifi\u00e9, \u00e9quip\u00e9, organis\u00e9.\u00a0<\/span><span style=\"font-weight: 400;\">Sur Bordeaux depuis 1996, votre entreprise de peinture Gironde r\u00e9alise une centaine de chantiers chaque ann\u00e9e pour satisfaire ses clients<br \/><\/span><\/p><p>Cette entreprise de peinture Gironde est\u00a0 \u00e9quip\u00e9e en \u00e9chafaudage, b\u00e9tonni\u00e8res, camion, etc. Thierry Barrot est au service du\u00a0 particulier sur Bordeaux\u00a0sa p\u00e9riph\u00e9rie dans un rayon de\u00a0 50 km<\/p>\t\t\t\t\t\t\t\t<\/div>\n\t\t\t\t<\/div>\n\t\t\t\t\t<\/div>\n\t\t<\/div>\n\t\t\t\t\t<\/div>\n\t\t<\/section>\n\t\t\t\t<section class=\"elementor-section elementor-top-section elementor-element elementor-element-8ae6bc5 elementor-section-boxed elementor-section-height-default elementor-section-height-default\" data-id=\"8ae6bc5\" data-element_type=\"section\">\n\t\t\t\t\t\t<div class=\"elementor-container elementor-column-gap-default\">\n\t\t\t\t\t<div class=\"elementor-column elementor-col-100 elementor-top-column elementor-element elementor-element-e3c6f5b\" data-id=\"e3c6f5b\" data-element_type=\"column\">\n\t\t\t<div class=\"elementor-widget-wrap elementor-element-populated\">\n\t\t\t\t\t\t<div class=\"elementor-element elementor-element-46b4ded elementor-widget elementor-widget-text-editor\" data-id=\"46b4ded\" data-element_type=\"widget\" data-widget_type=\"text-editor.default\">\n\t\t\t\t<div class=\"elementor-widget-container\">\n\t\t\t\t\t\t\t\t\t<h3>Thierry Barrot, artisan peintre \u00e0 bordeaux c&rsquo;est aussi :<\/h3><ul><li>Le respect des d\u00e9lais, du suivis de chantier depuis de nombreuses ann\u00e9es.<\/li><li>La r\u00e9alisation gratuite et rapide d&rsquo;un devis comp\u00e9titif. R\u00e9alisant des travaux chez nous \u00e9galement, nous sommes une \u00e9quipe programmatique.<\/li><li>Une intervention rapide et les urgences sur sinistre. Parc qu\u2019intervenir rapidement ne doit pas se n\u00e9gocier : appelez-nous !<\/li><li>Une \u00e9quipe dynamique, ponctuelle et \u00e0 votre \u00e9coute. A \u00e9chelle humaine, notre \u00e9quipe saura s&rsquo;adapter. Lancez-vous !<\/li><li>Respect des valeurs humaines, form\u00e9 avec les Compagnons du devoir.<\/li><\/ul>\t\t\t\t\t\t\t\t<\/div>\n\t\t\t\t<\/div>\n\t\t\t\t<div class=\"elementor-element elementor-element-7382f1c elementor-widget elementor-widget-text-editor\" data-id=\"7382f1c\" data-element_type=\"widget\" data-widget_type=\"text-editor.default\">\n\t\t\t\t<div class=\"elementor-widget-container\">\n\t\t\t\t\t\t\t\t\t<p>Nous pouvons \u00a0\u00e9galement prendre rendez vous pour nous pr\u00e9senter, \u00e9couter vos besoins, expliquer notre m\u00e9thode et vous\u00a0offrir notre conseil d\u2019expert. Vous disposerez\u00a0de ces solutions gratuitement \u00a0et sans engagement. De ce fait, vous avez la possibilit\u00e9 de valider nos devis selon\u00a0vos d\u00e9lais et vos possibilit\u00e9s. Le formulaire de contact vous permet d\u2019exprimer vos besoins, proposer un rendez vous ou communiquer avec nous pour tout autre raison.<\/p>\t\t\t\t\t\t\t\t<\/div>\n\t\t\t\t<\/div>\n\t\t\t\t\t<\/div>\n\t\t<\/div>\n\t\t\t\t\t<\/div>\n\t\t<\/section>\n\t\t\t\t<\/div>\n\t\t","protected":false},"excerpt":{"rendered":"<p>\u00a0 Thierry Barrot artisan peintre bordeaux est dipl\u00f4m\u00e9 depuis 1988 il est qualifi\u00e9, \u00e9quip\u00e9, organis\u00e9.\u00a0Sur Bordeaux depuis 1996, votre entreprise de peinture Gironde r\u00e9alise une centaine de chantiers chaque ann\u00e9e pour satisfaire ses clients Cette entreprise de peinture Gironde est\u00a0 \u00e9quip\u00e9e en \u00e9chafaudage, b\u00e9tonni\u00e8res, camion, etc. Thierry Barrot est au service du\u00a0 particulier sur Bordeaux\u00a0sa <a class=\"read-more\" href=\"https:\/\/thierry-barrot.com\/?page_id=201\">Lire la suite<\/a><\/p>\n","protected":false},"author":1,"featured_media":0,"parent":0,"menu_order":0,"comment_status":"closed","ping_status":"closed","template":"template-full-width.php","meta":{"footnotes":""},"class_list":["post-201","page","type-page","status-publish","hentry"],"yoast_head":"<!-- This site is optimized with the Yoast SEO plugin v26.6 - https:\/\/yoast.com\/wordpress\/plugins\/seo\/ -->\n<title>Thierry BARROT artisan-peintre-bordeaux compagnon du devoir<\/title>\n<meta name=\"description\" content=\"Thierry Barrot artisan peintre bordeaux est qualifi\u00e9 depuis 1988 form\u00e9 aux compagnons du devoir , contactez moi Thierry Barrot artisan peintre bordeaux.\" \/>\n<meta name=\"robots\" content=\"index, follow, max-snippet:-1, max-image-preview:large, max-video-preview:-1\" \/>\n<link rel=\"canonical\" href=\"https:\/\/thierry-barrot.com\/?page_id=201\" \/>\n<meta property=\"og:locale\" content=\"fr_FR\" \/>\n<meta property=\"og:type\" content=\"article\" \/>\n<meta property=\"og:title\" content=\"Thierry BARROT artisan-peintre-bordeaux compagnon du devoir\" \/>\n<meta property=\"og:description\" content=\"Thierry Barrot artisan peintre bordeaux est qualifi\u00e9 depuis 1988 form\u00e9 aux compagnons du devoir , contactez moi Thierry Barrot artisan peintre bordeaux.\" \/>\n<meta property=\"og:url\" content=\"https:\/\/thierry-barrot.com\/?page_id=201\" \/>\n<meta property=\"og:site_name\" content=\"Thierry Barrot\" \/>\n<meta property=\"article:modified_time\" content=\"2021-03-15T14:47:06+00:00\" \/>\n<meta property=\"og:image\" content=\"https:\/\/thierry-barrot.com\/wp-content\/uploads\/2016\/06\/artisan-peintre-bordeaux-thierry-barrot.jpg\" \/>\n<meta name=\"twitter:card\" content=\"summary_large_image\" \/>\n<meta name=\"twitter:label1\" content=\"Dur\u00e9e de lecture estim\u00e9e\" \/>\n\t<meta name=\"twitter:data1\" content=\"2 minutes\" \/>\n<script type=\"application\/ld+json\" class=\"yoast-schema-graph\">{\"@context\":\"https:\/\/schema.org\",\"@graph\":[{\"@type\":\"WebPage\",\"@id\":\"https:\/\/thierry-barrot.com\/?page_id=201\",\"url\":\"https:\/\/thierry-barrot.com\/?page_id=201\",\"name\":\"Thierry BARROT artisan-peintre-bordeaux compagnon du devoir\",\"isPartOf\":{\"@id\":\"https:\/\/thierry-barrot.com\/#website\"},\"primaryImageOfPage\":{\"@id\":\"https:\/\/thierry-barrot.com\/?page_id=201#primaryimage\"},\"image\":{\"@id\":\"https:\/\/thierry-barrot.com\/?page_id=201#primaryimage\"},\"thumbnailUrl\":\"https:\/\/thierry-barrot.com\/wp-content\/uploads\/2016\/06\/artisan-peintre-bordeaux-thierry-barrot.jpg\",\"datePublished\":\"2016-06-05T00:03:10+00:00\",\"dateModified\":\"2021-03-15T14:47:06+00:00\",\"description\":\"Thierry Barrot artisan peintre bordeaux est qualifi\u00e9 depuis 1988 form\u00e9 aux compagnons du devoir , contactez moi Thierry Barrot artisan peintre bordeaux.\",\"breadcrumb\":{\"@id\":\"https:\/\/thierry-barrot.com\/?page_id=201#breadcrumb\"},\"inLanguage\":\"fr-FR\",\"potentialAction\":[{\"@type\":\"ReadAction\",\"target\":[\"https:\/\/thierry-barrot.com\/?page_id=201\"]}]},{\"@type\":\"ImageObject\",\"inLanguage\":\"fr-FR\",\"@id\":\"https:\/\/thierry-barrot.com\/?page_id=201#primaryimage\",\"url\":\"https:\/\/thierry-barrot.com\/wp-content\/uploads\/2016\/06\/artisan-peintre-bordeaux-thierry-barrot.jpg\",\"contentUrl\":\"https:\/\/thierry-barrot.com\/wp-content\/uploads\/2016\/06\/artisan-peintre-bordeaux-thierry-barrot.jpg\",\"width\":239,\"height\":239,\"caption\":\"artisan peintre bordeaux thierry barrot\"},{\"@type\":\"BreadcrumbList\",\"@id\":\"https:\/\/thierry-barrot.com\/?page_id=201#breadcrumb\",\"itemListElement\":[{\"@type\":\"ListItem\",\"position\":1,\"name\":\"Accueil\",\"item\":\"https:\/\/thierry-barrot.com\/\"},{\"@type\":\"ListItem\",\"position\":2,\"name\":\"En savoir plus&#8230;\"}]},{\"@type\":\"WebSite\",\"@id\":\"https:\/\/thierry-barrot.com\/#website\",\"url\":\"https:\/\/thierry-barrot.com\/\",\"name\":\"Thierry Barrot\",\"description\":\"Artisan peintre sur la M\u00e9tropole de Bordeaux\",\"potentialAction\":[{\"@type\":\"SearchAction\",\"target\":{\"@type\":\"EntryPoint\",\"urlTemplate\":\"https:\/\/thierry-barrot.com\/?s={search_term_string}\"},\"query-input\":{\"@type\":\"PropertyValueSpecification\",\"valueRequired\":true,\"valueName\":\"search_term_string\"}}],\"inLanguage\":\"fr-FR\"}]}<\/script>\n<!-- \/ Yoast SEO plugin. -->","yoast_head_json":{"title":"Thierry BARROT artisan-peintre-bordeaux compagnon du devoir","description":"Thierry Barrot artisan peintre bordeaux est qualifi\u00e9 depuis 1988 form\u00e9 aux compagnons du devoir , contactez moi Thierry Barrot artisan peintre bordeaux.","robots":{"index":"index","follow":"follow","max-snippet":"max-snippet:-1","max-image-preview":"max-image-preview:large","max-video-preview":"max-video-preview:-1"},"canonical":"https:\/\/thierry-barrot.com\/?page_id=201","og_locale":"fr_FR","og_type":"article","og_title":"Thierry BARROT artisan-peintre-bordeaux compagnon du devoir","og_description":"Thierry Barrot artisan peintre bordeaux est qualifi\u00e9 depuis 1988 form\u00e9 aux compagnons du devoir , contactez moi Thierry Barrot artisan peintre bordeaux.","og_url":"https:\/\/thierry-barrot.com\/?page_id=201","og_site_name":"Thierry Barrot","article_modified_time":"2021-03-15T14:47:06+00:00","og_image":[{"url":"https:\/\/thierry-barrot.com\/wp-content\/uploads\/2016\/06\/artisan-peintre-bordeaux-thierry-barrot.jpg","type":"","width":"","height":""}],"twitter_card":"summary_large_image","twitter_misc":{"Dur\u00e9e de lecture estim\u00e9e":"2 minutes"},"schema":{"@context":"https:\/\/schema.org","@graph":[{"@type":"WebPage","@id":"https:\/\/thierry-barrot.com\/?page_id=201","url":"https:\/\/thierry-barrot.com\/?page_id=201","name":"Thierry BARROT artisan-peintre-bordeaux compagnon du devoir","isPartOf":{"@id":"https:\/\/thierry-barrot.com\/#website"},"primaryImageOfPage":{"@id":"https:\/\/thierry-barrot.com\/?page_id=201#primaryimage"},"image":{"@id":"https:\/\/thierry-barrot.com\/?page_id=201#primaryimage"},"thumbnailUrl":"https:\/\/thierry-barrot.com\/wp-content\/uploads\/2016\/06\/artisan-peintre-bordeaux-thierry-barrot.jpg","datePublished":"2016-06-05T00:03:10+00:00","dateModified":"2021-03-15T14:47:06+00:00","description":"Thierry Barrot artisan peintre bordeaux est qualifi\u00e9 depuis 1988 form\u00e9 aux compagnons du devoir , contactez moi Thierry Barrot artisan peintre bordeaux.","breadcrumb":{"@id":"https:\/\/thierry-barrot.com\/?page_id=201#breadcrumb"},"inLanguage":"fr-FR","potentialAction":[{"@type":"ReadAction","target":["https:\/\/thierry-barrot.com\/?page_id=201"]}]},{"@type":"ImageObject","inLanguage":"fr-FR","@id":"https:\/\/thierry-barrot.com\/?page_id=201#primaryimage","url":"https:\/\/thierry-barrot.com\/wp-content\/uploads\/2016\/06\/artisan-peintre-bordeaux-thierry-barrot.jpg","contentUrl":"https:\/\/thierry-barrot.com\/wp-content\/uploads\/2016\/06\/artisan-peintre-bordeaux-thierry-barrot.jpg","width":239,"height":239,"caption":"artisan peintre bordeaux thierry barrot"},{"@type":"BreadcrumbList","@id":"https:\/\/thierry-barrot.com\/?page_id=201#breadcrumb","itemListElement":[{"@type":"ListItem","position":1,"name":"Accueil","item":"https:\/\/thierry-barrot.com\/"},{"@type":"ListItem","position":2,"name":"En savoir plus&#8230;"}]},{"@type":"WebSite","@id":"https:\/\/thierry-barrot.com\/#website","url":"https:\/\/thierry-barrot.com\/","name":"Thierry Barrot","description":"Artisan peintre sur la M\u00e9tropole de Bordeaux","potentialAction":[{"@type":"SearchAction","target":{"@type":"EntryPoint","urlTemplate":"https:\/\/thierry-barrot.com\/?s={search_term_string}"},"query-input":{"@type":"PropertyValueSpecification","valueRequired":true,"valueName":"search_term_string"}}],"inLanguage":"fr-FR"}]}},"_links":{"self":[{"href":"https:\/\/thierry-barrot.com\/index.php?rest_route=\/wp\/v2\/pages\/201","targetHints":{"allow":["GET"]}}],"collection":[{"href":"https:\/\/thierry-barrot.com\/index.php?rest_route=\/wp\/v2\/pages"}],"about":[{"href":"https:\/\/thierry-barrot.com\/index.php?rest_route=\/wp\/v2\/types\/page"}],"author":[{"embeddable":true,"href":"https:\/\/thierry-barrot.com\/index.php?rest_route=\/wp\/v2\/users\/1"}],"replies":[{"embeddable":true,"href":"https:\/\/thierry-barrot.com\/index.php?rest_route=%2Fwp%2Fv2%2Fcomments&post=201"}],"version-history":[{"count":36,"href":"https:\/\/thierry-barrot.com\/index.php?rest_route=\/wp\/v2\/pages\/201\/revisions"}],"predecessor-version":[{"id":1243,"href":"https:\/\/thierry-barrot.com\/index.php?rest_route=\/wp\/v2\/pages\/201\/revisions\/1243"}],"wp:attachment":[{"href":"https:\/\/thierry-barrot.com\/index.php?rest_route=%2Fwp%2Fv2%2Fmedia&parent=201"}],"curies":[{"name":"wp","href":"https:\/\/api.w.org\/{rel}","templated":true}]}}